{"id":78,"date":"2025-06-20T12:25:20","date_gmt":"2025-06-20T12:25:20","guid":{"rendered":"https:\/\/trzerowaste.com\/?page_id=78"},"modified":"2025-06-20T12:25:20","modified_gmt":"2025-06-20T12:25:20","slug":"iletisim-2","status":"publish","type":"page","link":"https:\/\/trzerowaste.com\/index.php\/iletisim-2\/","title":{"rendered":"\u0130LET\u0130\u015e\u0130M"},"content":{"rendered":"\n<figure class=\"wp-block-image\" id=\"block-2d0af730-272e-4371-a17b-5e5897bb7914\"><img decoding=\"async\" src=\"https:\/\/trzerowaste.com\/wp-content\/uploads\/2025\/06\/logo-mertal.jpg\" alt=\"Bu g\u00f6rselin Alt \u00f6zniteli\u011fi bo\u015f. Dosya ad\u0131: logo-mertal.jpg\"\/><\/figure>\n\n\n\n<p id=\"block-caebdd9e-c37b-40ba-9fcd-e8fb280d6552\"><\/p>\n\n\n\n<p id=\"block-be0dba37-1834-48c4-99e3-c51b9a72d237\">TR ZERO WASTE GLOBAL GER\u0130 D\u00d6N\u00dc\u015e\u00dcM KAYNAKLARI SANAY\u0130 VE L\u0130M\u0130TED \u015e\u0130RKET\u0130<\/p>\n\n\n\n<p id=\"block-76b63466-c165-4d93-a583-29959d0fc90a\">Geri D\u00f6n\u00fc\u015f\u00fcm Sekt\u00f6r\u00fc, \u0130n\u015faat Sekt\u00f6r\u00fc, Enerji Sekt\u00f6r\u00fc, Lojistik Sekt\u00f6r\u00fc<\/p>\n\n\n\n<p id=\"block-5a30cc6b-3ec2-4a6d-9b2c-340eecf95c21\">MERS\u0130N T\u0130CARET VE SANAY\u0130 ODASI<br>\u00dcye Sicil No: 73015 \/ Ticaret Sicil No: 70967<\/p>\n\n\n\n<p id=\"block-4b66cff7-3c9c-410a-a4a0-5f980416dbcf\">Mersis No: 0859150597200001<\/p>\n\n\n\n<p id=\"block-443f1d20-4fa0-419a-8e72-7a3190785051\">\u0130ST\u0130KLAL VERG\u0130 DA\u0130RES\u0130 M\u00dcD\u00dcRL\u00dc\u011e\u00dc<br>Vergi No: 8591505972<\/p>\n\n\n\n<p id=\"block-bc8e1744-1b42-4ba6-95df-e250011fa7ab\">ADRES: L\u0130MONLUK MAH. 2453 SK. OF\u0130S NO: 3C<br>YEN\u0130\u015eEH\u0130R \/ MERS\u0130N<br>\ufeff<\/p>\n\n\n\n<p id=\"block-ebfd8428-8015-42f5-9d33-82ad2e2b70df\">www.trzerowaste.com<br>yonetim@trzerowaste.com<\/p>\n","protected":false},"excerpt":{"rendered":"<p>TR ZERO WASTE GLOBAL GER\u0130 D\u00d6N\u00dc\u015e\u00dcM KAYNAKLARI SANAY\u0130 VE L\u0130M\u0130TED \u015e\u0130RKET\u0130 Geri D\u00f6n\u00fc\u015f\u00fcm Sekt\u00f6r\u00fc, \u0130n\u015faat Sekt\u00f6r\u00fc, Enerji Sekt\u00f6r\u00fc, Lojistik Sekt\u00f6r\u00fc MERS\u0130N T\u0130CARET VE SANAY\u0130 ODASI\u00dcye Sicil No: 73015 \/ Ticaret Sicil No: 70967 Mersis No: 0859150597200001 \u0130ST\u0130KLAL VERG\u0130 DA\u0130RES\u0130 M\u00dcD\u00dcRL\u00dc\u011e\u00dcVergi No: 8591505972 ADRES: L\u0130MONLUK MAH. 2453 SK. OF\u0130S NO: 3CYEN\u0130\u015eEH\u0130R \/ MERS\u0130N\ufeff www.trzerowaste.comyonetim@trzerowaste.com<\/p>\n","protected":false},"author":1,"featured_media":0,"parent":0,"menu_order":0,"comment_status":"closed","ping_status":"closed","template":"","meta":{"footnotes":""},"class_list":["post-78","page","type-page","status-publish","hentry"],"_links":{"self":[{"href":"https:\/\/trzerowaste.com\/index.php\/wp-json\/wp\/v2\/pages\/78","targetHints":{"allow":["GET"]}}],"collection":[{"href":"https:\/\/trzerowaste.com\/index.php\/wp-json\/wp\/v2\/pages"}],"about":[{"href":"https:\/\/trzerowaste.com\/index.php\/wp-json\/wp\/v2\/types\/page"}],"author":[{"embeddable":true,"href":"https:\/\/trzerowaste.com\/index.php\/wp-json\/wp\/v2\/users\/1"}],"replies":[{"embeddable":true,"href":"https:\/\/trzerowaste.com\/index.php\/wp-json\/wp\/v2\/comments?post=78"}],"version-history":[{"count":1,"href":"https:\/\/trzerowaste.com\/index.php\/wp-json\/wp\/v2\/pages\/78\/revisions"}],"predecessor-version":[{"id":80,"href":"https:\/\/trzerowaste.com\/index.php\/wp-json\/wp\/v2\/pages\/78\/revisions\/80"}],"wp:attachment":[{"href":"https:\/\/trzerowaste.com\/index.php\/wp-json\/wp\/v2\/media?parent=78"}],"curies":[{"name":"wp","href":"https:\/\/api.w.org\/{rel}","templated":true}]}}